{"id":101,"date":"2024-02-26T22:51:24","date_gmt":"2024-02-26T20:51:24","guid":{"rendered":"https:\/\/intrea.fi\/?page_id=101"},"modified":"2024-02-29T10:52:44","modified_gmt":"2024-02-29T08:52:44","slug":"nykyiset-vuokra-asunnot","status":"publish","type":"page","link":"https:\/\/intrea.fi\/?page_id=101","title":{"rendered":"NYKYISET VUOKRAKOHTEET"},"content":{"rendered":"\n<div class=\"wp-block-columns is-layout-flex wp-container-core-columns-is-layout-28f84493 wp-block-columns-is-layout-flex\">\n<div class=\"wp-block-column is-layout-flow wp-block-column-is-layout-flow\">\n<h3 class=\"wp-block-heading\">Toimitilaa Salmitie 3, 02430 Kirkkonummi<\/h3>\n\n\n\n<p>Masalassa vuokrataan 10 m korkeaa edullista hallitilaa 400 \u2013 1600 m2, joka soveltuu moneen k\u00e4ytt\u00f6\u00f6n + toimistotilaa 20 \u2013 400 m2. Tilassa on 10 t siltanosturi. Aidattua piha-aluetta 33000 m2<\/p>\n\n\n\n<p><strong>Tilatyyppi<\/strong><\/p>\n\n\n\n<ul class=\"wp-block-list\">\n<li>Toimistotilaa 20 \u2013 400 m\u00b2<\/li>\n\n\n\n<li>Liiketilaa 20 \u2013 400 m\u00b2<\/li>\n\n\n\n<li>N\u00e4yttelytilaa 20 \u2013 400 m\u00b2<\/li>\n\n\n\n<li>Tuotantotilaa 400 \u2013 1600 m\u00b2<\/li>\n\n\n\n<li>Varastotilaa 400 \u2013 1600 m\u00b2<\/li>\n\n\n\n<li>Ty\u00f6tilaa 400 \u2013 1600 m\u00b2<\/li>\n\n\n\n<li>Autotalli\/-hallitilaa 400 \u2013 1600 m\u00b2<\/li>\n\n\n\n<li>Muuta tilaa 400 \u2013 1600 m\u00b2<\/li>\n\n\n\n<li>Yhteens\u00e4 420 \u2013 2000 m\u00b2<\/li>\n<\/ul>\n<\/div>\n<\/div>\n\n\n\nngg_shortcode_0_placeholder\n\n\n\n<div class=\"wp-block-columns is-layout-flex wp-container-core-columns-is-layout-28f84493 wp-block-columns-is-layout-flex\">\n<div class=\"wp-block-column is-layout-flow wp-block-column-is-layout-flow\"><\/div>\n\n\n\n<div class=\"wp-block-column is-layout-flow wp-block-column-is-layout-flow\"><\/div>\n<\/div>\n\n\n\n<p><strong>Vuokra<\/strong><\/p>\n\n\n\n<ul class=\"wp-block-list\">\n<li>8 euroa\/m2\/kk tai sopimuken mukaan<\/li>\n\n\n\n<li>Vuokraan sis\u00e4ltyy: s\u00e4hk\u00f6, vesi, l\u00e4mp\u00f6<\/li>\n<\/ul>\n\n\n\n<p><strong>Sijainti<\/strong><\/p>\n\n\n\n<ul class=\"wp-block-list\">\n<li>Loistava sijainti keskell\u00e4 Masala Keh\u00e4 III varrella Masalan juna-asemalle 100 m (Helsingin keskustaan \u2013 35 min)<\/li>\n<\/ul>\n\n\n\n<p><strong>Pys\u00e4k\u00f6inti<\/strong><\/p>\n\n\n\n<ul class=\"wp-block-list\">\n<li>Kiinteist\u00f6n pihalla runsaasti autopaikkoja<\/li>\n<\/ul>\n","protected":false},"excerpt":{"rendered":"<p>Toimitilaa Salmitie 3, 02430 Kirkkonummi Masalassa vuokrataan 10 m korkeaa edullista hallitilaa 400 \u2013 1600 m2, joka soveltuu moneen k\u00e4ytt\u00f6\u00f6n + toimistotilaa 20 \u2013 400 m2. Tilassa on 10 t siltanosturi. Aidattua piha-aluetta 33000 m2 Tilatyyppi Vuokra Sijainti Pys\u00e4k\u00f6inti<\/p>\n","protected":false},"author":1,"featured_media":0,"parent":0,"menu_order":0,"comment_status":"closed","ping_status":"closed","template":"","meta":{"ngg_post_thumbnail":0,"footnotes":""},"class_list":["post-101","page","type-page","status-publish","hentry"],"_links":{"self":[{"href":"https:\/\/intrea.fi\/index.php?rest_route=\/wp\/v2\/pages\/101","targetHints":{"allow":["GET"]}}],"collection":[{"href":"https:\/\/intrea.fi\/index.php?rest_route=\/wp\/v2\/pages"}],"about":[{"href":"https:\/\/intrea.fi\/index.php?rest_route=\/wp\/v2\/types\/page"}],"author":[{"embeddable":true,"href":"https:\/\/intrea.fi\/index.php?rest_route=\/wp\/v2\/users\/1"}],"replies":[{"embeddable":true,"href":"https:\/\/intrea.fi\/index.php?rest_route=%2Fwp%2Fv2%2Fcomments&post=101"}],"version-history":[{"count":15,"href":"https:\/\/intrea.fi\/index.php?rest_route=\/wp\/v2\/pages\/101\/revisions"}],"predecessor-version":[{"id":233,"href":"https:\/\/intrea.fi\/index.php?rest_route=\/wp\/v2\/pages\/101\/revisions\/233"}],"wp:attachment":[{"href":"https:\/\/intrea.fi\/index.php?rest_route=%2Fwp%2Fv2%2Fmedia&parent=101"}],"curies":[{"name":"wp","href":"https:\/\/api.w.org\/{rel}","templated":true}]}}