{"id":259,"date":"2024-02-29T21:39:15","date_gmt":"2024-02-29T19:39:15","guid":{"rendered":"https:\/\/intrea.fi\/?page_id=259"},"modified":"2024-10-07T08:45:39","modified_gmt":"2024-10-07T06:45:39","slug":"tet","status":"publish","type":"page","link":"https:\/\/intrea.fi\/","title":{"rendered":""},"content":{"rendered":"\n<div class=\"wp-block-columns alignwide is-layout-flex wp-container-core-columns-is-layout-28f84493 wp-block-columns-is-layout-flex\">\n<div class=\"wp-block-column is-layout-flow wp-block-column-is-layout-flow\" style=\"flex-basis:33.33%\">\n<figure class=\"wp-block-image aligncenter size-large\"><img loading=\"lazy\" decoding=\"async\" width=\"1024\" height=\"399\" src=\"https:\/\/intrea.fi\/wp-content\/uploads\/2024\/03\/15-1-1024x399.png\" alt=\"\" class=\"wp-image-295\" srcset=\"https:\/\/intrea.fi\/wp-content\/uploads\/2024\/03\/15-1-1024x399.png 1024w, https:\/\/intrea.fi\/wp-content\/uploads\/2024\/03\/15-1-300x117.png 300w, https:\/\/intrea.fi\/wp-content\/uploads\/2024\/03\/15-1-768x300.png 768w, https:\/\/intrea.fi\/wp-content\/uploads\/2024\/03\/15-1.png 1200w\" sizes=\"auto, (max-width: 1024px) 100vw, 1024px\" \/><figcaption class=\"wp-element-caption\"><strong>Vuodesta 1994<\/strong><\/figcaption><\/figure>\n<\/div>\n\n\n\n<div class=\"wp-block-column is-layout-flow wp-block-column-is-layout-flow\" style=\"flex-basis:66.66%\">\n<h2 class=\"wp-block-heading\"><strong>INTREA OY<\/strong><\/h2>\n\n\n\n<h3 class=\"wp-block-heading\"><strong>KONSULTOINTIPALVELUT<\/strong><\/h3>\n\n\n\n<p><strong>KIINTEIST\u00d6JEN OSTO -, MYYNTI -, VUOKRAUS \u2013 JA YLL\u00c4PITO<\/strong><\/p>\n\n\n\n<p><strong>Tarjoamme oikean ratkaisun kaikkiin tilanteisiin<\/strong><\/p>\n\n\n\n<p><\/p>\n<\/div>\n<\/div>\n\n\n\n<div class=\"wp-block-columns alignwide is-layout-flex wp-container-core-columns-is-layout-28f84493 wp-block-columns-is-layout-flex\">\n<div class=\"wp-block-column is-layout-flow wp-block-column-is-layout-flow\">\n<p><\/p>\n\n\n\n<p><\/p>\n\n\n\n<h3 class=\"wp-block-heading\"><strong>TIETOA YRITYKSEST\u00c4<\/strong><\/h3>\n\n\n\n<h4 class=\"wp-block-heading\">EI TAVALLINEN KIINTEIST\u00d6NV\u00c4LITYSTOIMISTO<\/h4>\n\n\n\n<ul class=\"wp-block-list\">\n<li><strong>INTREA<\/strong>&nbsp;ei ole kiinteist\u00f6nv\u00e4litystoimisto tavallisessa mieless\u00e4. Olemme asiantuntijoita, jotka takaavat positiivisen tuloksen asiakkaillemme.&nbsp;<strong>INTERA:n<\/strong>&nbsp;asiantuntijoiden kokemuksen ja osaamisen avulla voit suorittaa toimet, joiden toteuttaminen n\u00e4ytt\u00e4\u00e4 mahdottomalta.<\/li>\n\n\n\n<li><strong>INTREA<\/strong>&nbsp;on kammiokonsultointitoimisto, jolla on rajoitettu tietokanta kohteista, joiden kanssa ty\u00f6skentelemme yksinomaan. Ty\u00f6mme hinta ei ole tyypillinen kiinteist\u00f6nv\u00e4litt\u00e4j\u00e4n toimeksianto, joka on usein kohtuuttoman korkea. M\u00e4\u00e4rit\u00e4mme palvelujen kustannukset teht\u00e4v\u00e4n monimutkaisuuden perusteella, joka m\u00e4\u00e4ritet\u00e4\u00e4n diagnostisen konsultaation seurauksena.<\/li>\n\n\n\n<li>Jokaiselle kohteelle tehd\u00e4\u00e4n huolellinen yksil\u00f6llinen ty\u00f6, joka antaa asiakkaillemme halutun tuloksen.<\/li>\n<\/ul>\n<\/div>\n\n\n\n<div class=\"wp-block-column is-layout-flow wp-block-column-is-layout-flow\">\n<figure class=\"wp-block-image aligncenter size-large\"><img loading=\"lazy\" decoding=\"async\" width=\"1024\" height=\"657\" src=\"https:\/\/intrea.fi\/wp-content\/uploads\/2024\/03\/23-1024x657.png\" alt=\"\" class=\"wp-image-304\" srcset=\"https:\/\/intrea.fi\/wp-content\/uploads\/2024\/03\/23-1024x657.png 1024w, https:\/\/intrea.fi\/wp-content\/uploads\/2024\/03\/23-300x193.png 300w, https:\/\/intrea.fi\/wp-content\/uploads\/2024\/03\/23-768x493.png 768w, https:\/\/intrea.fi\/wp-content\/uploads\/2024\/03\/23-1536x986.png 1536w, https:\/\/intrea.fi\/wp-content\/uploads\/2024\/03\/23-2048x1315.png 2048w\" sizes=\"auto, (max-width: 1024px) 100vw, 1024px\" \/><figcaption class=\"wp-element-caption\"><strong>Markku Vuorinen<\/strong><br>Yrityksen perustaja, omistaja, toimitusjohtaja<br><br><\/figcaption><\/figure>\n<\/div>\n<\/div>\n\n\n\n<div class=\"wp-block-columns alignwide is-layout-flex wp-container-core-columns-is-layout-28f84493 wp-block-columns-is-layout-flex\">\n<div class=\"wp-block-column is-layout-flow wp-block-column-is-layout-flow\">\n<figure class=\"wp-block-image aligncenter size-large\"><img loading=\"lazy\" decoding=\"async\" width=\"1024\" height=\"828\" src=\"https:\/\/intrea.fi\/wp-content\/uploads\/2024\/03\/36-2-1024x828.png\" alt=\"\" class=\"wp-image-318\" srcset=\"https:\/\/intrea.fi\/wp-content\/uploads\/2024\/03\/36-2-1024x828.png 1024w, https:\/\/intrea.fi\/wp-content\/uploads\/2024\/03\/36-2-300x243.png 300w, https:\/\/intrea.fi\/wp-content\/uploads\/2024\/03\/36-2-768x621.png 768w, https:\/\/intrea.fi\/wp-content\/uploads\/2024\/03\/36-2-1536x1242.png 1536w, https:\/\/intrea.fi\/wp-content\/uploads\/2024\/03\/36-2-2048x1656.png 2048w\" sizes=\"auto, (max-width: 1024px) 100vw, 1024px\" \/><\/figure>\n<\/div>\n\n\n\n<div class=\"wp-block-column is-layout-flow wp-block-column-is-layout-flow\">\n<h3 class=\"wp-block-heading\"><strong><strong>MIKSI ASIKKAAMME LUOTTAVAT MEIHIN?<\/strong><\/strong><\/h3>\n\n\n\n<p><strong>Yksil\u00f6llinen hinnoittelu<\/strong><\/p>\n\n\n\n<ul class=\"wp-block-list\">\n<li>et maksa liikaa tarpeettomista palveluista-kustannukset lasketaan yksil\u00f6llisesti teht\u00e4v\u00e4n monimutkaisuuden perusteella<\/li>\n<\/ul>\n\n\n\n<p><strong>Asiantunteva l\u00e4hestymistapa<\/strong><\/p>\n\n\n\n<ul class=\"wp-block-list\">\n<li>toteutamme onnistuneesti vaikeimmat toimeksiannot asiantuntijoidemme korkean osaamisen ansiosta<\/li>\n<\/ul>\n\n\n\n<p><strong>Oikeudellisen puhtauden tae<\/strong><\/p>\n\n\n\n<ul class=\"wp-block-list\">\n<li>mukana lakimiehemme kaikissa ty\u00f6vaiheissa, jotta olet suojattu petoksilta<\/li>\n<\/ul>\n\n\n\n<p><strong>Arvostamme aikaasi ja mukavuuttasi<\/strong><\/p>\n\n\n\n<ul class=\"wp-block-list\">\n<li>Tarjoamme vain sen, mik\u00e4 sopii asiakkaamme pyynt\u00f6\u00f6n.<\/li>\n<\/ul>\n<\/div>\n<\/div>\n\n\n\n<div class=\"wp-block-columns alignwide is-layout-flex wp-container-core-columns-is-layout-28f84493 wp-block-columns-is-layout-flex\">\n<div class=\"wp-block-column is-layout-flow wp-block-column-is-layout-flow\">\n<p><\/p>\n\n\n\n<ul class=\"wp-block-list\"><\/ul>\n\n\n\n<p><\/p>\n\n\n\n<p><\/p>\n\n\n\n<h3 class=\"wp-block-heading\"><strong><a href=\"https:\/\/intrea.fi\/?page_id=101\">NYKYISET VUOKRAKOHTEET<\/a><\/strong><\/h3>\n\n\n\n<ul class=\"wp-block-list\"><\/ul>\n\n\n\n<ul class=\"wp-block-list\"><\/ul>\n<\/div>\n\n\n\n<div class=\"wp-block-column is-layout-flow wp-block-column-is-layout-flow\">\n<figure class=\"wp-block-image aligncenter size-full\"><a href=\"https:\/\/intrea.fi\/?page_id=101\"><img loading=\"lazy\" decoding=\"async\" width=\"986\" height=\"742\" src=\"https:\/\/intrea.fi\/wp-content\/uploads\/2024\/03\/4.png\" alt=\"\" class=\"wp-image-320\" srcset=\"https:\/\/intrea.fi\/wp-content\/uploads\/2024\/03\/4.png 986w, https:\/\/intrea.fi\/wp-content\/uploads\/2024\/03\/4-300x226.png 300w, https:\/\/intrea.fi\/wp-content\/uploads\/2024\/03\/4-768x578.png 768w\" sizes=\"auto, (max-width: 986px) 100vw, 986px\" \/><\/a><\/figure>\n<\/div>\n<\/div>\n\n\n\n<ul class=\"wp-block-list\"><\/ul>\n\n\n\n<h3 class=\"wp-block-heading\"><strong>OLEMME AINA YHTEYDESS\u00c4<\/strong><\/h3>\n\n\n\n<div class=\"wp-block-columns is-layout-flex wp-container-core-columns-is-layout-28f84493 wp-block-columns-is-layout-flex\">\n<div class=\"wp-block-column is-layout-flow wp-block-column-is-layout-flow\">\n<ul class=\"wp-block-list\">\n<li>Voit ottaa meihin yhteytt\u00e4, k\u00e4ymme tilanteesi l\u00e4pi henkil\u00f6kohtaisesti tai verkossa ja laadimme yksityiskohtaisen vaiheittaisen toimintasuunnitelman tavoitteesi saavuttamiseksi ja mahdollisten riskien minimoimiseksi. Tarjoamme ammattitaitoista tukea.<\/li>\n\n\n\n<li>Asiantuntijamme tulevat mukaan ty\u00f6h\u00f6n miss\u00e4 vaiheessa tahansa ja saattavat asian p\u00e4\u00e4t\u00f6kseen.<\/li>\n\n\n\n<li>Riippumatta siit\u00e4, kuinka vaikea tilanne on, l\u00f6yd\u00e4mme sinulle parhaan ratkaisun.<\/li>\n<\/ul>\n<\/div>\n<\/div>\n\n\n\n<div class=\"wpcf7 no-js\" id=\"wpcf7-f330-o1\" lang=\"en-US\" dir=\"ltr\" data-wpcf7-id=\"330\">\n<div class=\"screen-reader-response\"><p role=\"status\" aria-live=\"polite\" aria-atomic=\"true\"><\/p> <ul><\/ul><\/div>\n<form action=\"\/index.php?rest_route=%2Fwp%2Fv2%2Fpages%2F259#wpcf7-f330-o1\" method=\"post\" class=\"wpcf7-form init\" aria-label=\"Contact form\" novalidate=\"novalidate\" data-status=\"init\">\n<fieldset class=\"hidden-fields-container\"><input type=\"hidden\" name=\"_wpcf7\" value=\"330\" \/><input type=\"hidden\" name=\"_wpcf7_version\" value=\"6.1.5\" \/><input type=\"hidden\" name=\"_wpcf7_locale\" value=\"en_US\" \/><input type=\"hidden\" name=\"_wpcf7_unit_tag\" value=\"wpcf7-f330-o1\" \/><input type=\"hidden\" name=\"_wpcf7_container_post\" value=\"0\" \/><input type=\"hidden\" name=\"_wpcf7_posted_data_hash\" value=\"\" \/>\n<\/fieldset>\n<p><label> Nimi<br \/>\n<span class=\"wpcf7-form-control-wrap\" data-name=\"your-name\"><input size=\"40\" maxlength=\"400\" class=\"wpcf7-form-control wpcf7-text wpcf7-validates-as-required\" autocomplete=\"name\" aria-required=\"true\" aria-invalid=\"false\" value=\"\" type=\"text\" name=\"your-name\" \/><\/span> <\/label>\n<\/p>\n<p><label> S\u00e4hk\u00f6posti<br \/>\n<span class=\"wpcf7-form-control-wrap\" data-name=\"your-email\"><input size=\"40\" maxlength=\"400\" class=\"wpcf7-form-control wpcf7-email wpcf7-validates-as-required wpcf7-text wpcf7-validates-as-email\" autocomplete=\"email\" aria-required=\"true\" aria-invalid=\"false\" value=\"\" type=\"email\" name=\"your-email\" \/><\/span> <\/label>\n<\/p>\n<p><label> Aihe<br \/>\n<span class=\"wpcf7-form-control-wrap\" data-name=\"your-subject\"><input size=\"40\" maxlength=\"400\" class=\"wpcf7-form-control wpcf7-text wpcf7-validates-as-required\" aria-required=\"true\" aria-invalid=\"false\" value=\"\" type=\"text\" name=\"your-subject\" \/><\/span> <\/label>\n<\/p>\n<p><label> Lis\u00e4tietoa<br \/>\n<span class=\"wpcf7-form-control-wrap\" data-name=\"your-message\"><textarea cols=\"40\" rows=\"10\" maxlength=\"2000\" class=\"wpcf7-form-control wpcf7-textarea\" aria-invalid=\"false\" name=\"your-message\"><\/textarea><\/span> <\/label>\n<\/p>\n<p><input class=\"wpcf7-form-control wpcf7-submit has-spinner\" type=\"submit\" value=\"L\u00e4hett\u00e4\u00e4\" \/>\n<\/p><div class=\"wpcf7-response-output\" aria-hidden=\"true\"><\/div>\n<\/form>\n<\/div>\n\n","protected":false},"excerpt":{"rendered":"<p>INTREA OY KONSULTOINTIPALVELUT KIINTEIST\u00d6JEN OSTO -, MYYNTI -, VUOKRAUS \u2013 JA YLL\u00c4PITO Tarjoamme oikean ratkaisun kaikkiin tilanteisiin TIETOA YRITYKSEST\u00c4 EI TAVALLINEN KIINTEIST\u00d6NV\u00c4LITYSTOIMISTO MIKSI ASIKKAAMME LUOTTAVAT MEIHIN? Yksil\u00f6llinen hinnoittelu Asiantunteva l\u00e4hestymistapa Oikeudellisen puhtauden tae Arvostamme aikaasi ja mukavuuttasi NYKYISET VUOKRAKOHTEET OLEMME AINA YHTEYDESS\u00c4<\/p>\n","protected":false},"author":1,"featured_media":0,"parent":0,"menu_order":0,"comment_status":"closed","ping_status":"closed","template":"","meta":{"ngg_post_thumbnail":0,"footnotes":""},"class_list":["post-259","page","type-page","status-publish","hentry"],"_links":{"self":[{"href":"https:\/\/intrea.fi\/index.php?rest_route=\/wp\/v2\/pages\/259","targetHints":{"allow":["GET"]}}],"collection":[{"href":"https:\/\/intrea.fi\/index.php?rest_route=\/wp\/v2\/pages"}],"about":[{"href":"https:\/\/intrea.fi\/index.php?rest_route=\/wp\/v2\/types\/page"}],"author":[{"embeddable":true,"href":"https:\/\/intrea.fi\/index.php?rest_route=\/wp\/v2\/users\/1"}],"replies":[{"embeddable":true,"href":"https:\/\/intrea.fi\/index.php?rest_route=%2Fwp%2Fv2%2Fcomments&post=259"}],"version-history":[{"count":38,"href":"https:\/\/intrea.fi\/index.php?rest_route=\/wp\/v2\/pages\/259\/revisions"}],"predecessor-version":[{"id":334,"href":"https:\/\/intrea.fi\/index.php?rest_route=\/wp\/v2\/pages\/259\/revisions\/334"}],"wp:attachment":[{"href":"https:\/\/intrea.fi\/index.php?rest_route=%2Fwp%2Fv2%2Fmedia&parent=259"}],"curies":[{"name":"wp","href":"https:\/\/api.w.org\/{rel}","templated":true}]}}